{"id":153,"date":"2023-11-27T15:20:44","date_gmt":"2023-11-27T20:20:44","guid":{"rendered":"https:\/\/asociacionuruguayaenhouston.org\/?post_type=product&#038;p=153"},"modified":"2024-04-05T10:34:08","modified_gmt":"2024-04-05T15:34:08","slug":"suscripcion-anual-a-auh","status":"publish","type":"product","link":"https:\/\/asociacionuruguayaenhouston.org\/en\/product\/suscripcion-anual-a-auh\/","title":{"rendered":"Suscripci\u00f3n Anual a AUH"},"content":{"rendered":"<h1>Suscripci\u00f3n Anual a AUH<\/h1>\n<h2>Gracias por Comprometerte a Largo Plazo<\/h2>\n<p>Tu decisi\u00f3n de convertirte en un Colaborador por medio de una Suscripci\u00f3n Anual a AUH significa un mundo para nosotros. Con tu apoyo continuo, estamos seguros de poder alcanzar metas ambiciosas y crear un impacto positivo duradero.<\/p>\n<p>En <em>Asociaci\u00f3n Uruguaya en Houston<\/em>, valoramos el compromiso sostenido de individuos que comparten nuestra visi\u00f3n a largo plazo. Al convertirte en un Colaborador Anual, te unes a un grupo especial de personas que hacen posible nuestro trabajo continuo y sostenible.<\/p>\n<p>\u00bfPor qu\u00e9 una Suscripci\u00f3n Anual a AUH?<br \/>\nLas suscripciones anuales son una forma poderosa de respaldar nuestra misi\u00f3n de manera constante. Tu compromiso a largo plazo nos permite planificar y ejecutar programas a largo plazo, abordar desaf\u00edos persistentes y responder r\u00e1pidamente a las necesidades cambiantes de la comunidad que servimos.<\/p>\n<p>Beneficios Exclusivos para Colaboradores Anuales<br \/>\n<strong>Actualizaciones Peri\u00f3dicas:<\/strong> Mantente informado sobre c\u00f3mo tu contribuci\u00f3n est\u00e1 haciendo una diferencia tangible a trav\u00e9s de informes exclusivos y actualizaciones peri\u00f3dicas.<\/p>\n<p><strong>Reconocimiento Especial:<\/strong> Tu nombre figurar\u00e1 en nuestra lista de Colaboradores Anuales en agradecimiento por tu apoyo continuo.<\/p>\n<p><strong>Eventos Exclusivos:<\/strong> Invitaciones prioritarias y acceso exclusivo a eventos especiales relacionados con nuestros logros y avances.<\/p>\n<p>\u00bfC\u00f3mo Convertirse en Colaborador Anual?<br \/>\nConvertirse en un Colaborador Anual es f\u00e1cil. Simplemente elige la opci\u00f3n de <a href=\"https:\/\/asociacionuruguayaenhouston.org\/en\/product\/suscripcion-anual\/\" target=\"_blank\" rel=\"noopener\">suscripci\u00f3n anual<\/a> al realizar tu donaci\u00f3n en l\u00ednea a trav\u00e9s de nuestro sitio web utilizando tarjeta de d\u00e9bito cr\u00e9dito. Tambi\u00e9n puedes optar por la suscripci\u00f3n anual al donar por otros medios como transferencia bancaria o cheques. Cont\u00e1ctanos para estas opciones.<\/p>","protected":false},"excerpt":{"rendered":"<p>Elija la Suscripci\u00f3n Anual de su agrado<\/p>","protected":false},"featured_media":44,"template":"","meta":{"_et_pb_use_builder":"","_et_pb_old_content":"","_et_gb_content_width":"","_joinchat":[]},"product_brand":[],"product_cat":[34,33],"product_tag":[],"class_list":{"0":"post-153","1":"product","2":"type-product","3":"status-publish","4":"has-post-thumbnail","6":"product_cat-donaciones","7":"product_cat-suscripcion-anual","8":"pa_price-estudiante","9":"pa_price-individual","10":"pa_price-parejas","11":"pa_price-familia","12":"pa_price-benefactor","13":"pa_price-benefactor-bronce","14":"pa_price-benefactor-plata","15":"pa_price-benefactor-oro","16":"pa_price-benefactor-platino","17":"pa_price-benefactor-premier","18":"pa_price-benefactor-diamante","19":"pa_price-premier-diamante","21":"first","22":"instock","23":"shipping-taxable","24":"purchasable","25":"product-type-variable-subscription"},"yoast_head":"<!-- This site is optimized with the Yoast SEO plugin v25.3 - https:\/\/yoast.com\/wordpress\/plugins\/seo\/ -->\n<title>Suscripci\u00f3n Anual a AUH - Asociaci\u00f3n Uruguaya en Houston<\/title>\n<meta name=\"description\" content=\"Tu decisi\u00f3n de convertirte en un Colaborador por medio de una Suscripci\u00f3n Anual a AUH significa un mundo para nosotros. Con tu apoyo continuo, estamos...\" \/>\n<meta name=\"robots\" content=\"index, follow, max-snippet:-1, max-image-preview:large, max-video-preview:-1\" \/>\n<link rel=\"canonical\" href=\"https:\/\/asociacionuruguayaenhouston.org\/en\/product\/suscripcion-anual-a-auh\/\" \/>\n<meta property=\"og:locale\" content=\"en_US\" \/>\n<meta property=\"og:type\" content=\"article\" \/>\n<meta property=\"og:title\" content=\"Suscripci\u00f3n Anual a AUH - Asociaci\u00f3n Uruguaya en Houston\" \/>\n<meta property=\"og:description\" content=\"Tu decisi\u00f3n de convertirte en un Colaborador por medio de una Suscripci\u00f3n Anual a AUH significa un mundo para nosotros. Con tu apoyo continuo, estamos...\" \/>\n<meta property=\"og:url\" content=\"https:\/\/asociacionuruguayaenhouston.org\/en\/product\/suscripcion-anual-a-auh\/\" \/>\n<meta property=\"og:site_name\" content=\"Asociaci\u00f3n Uruguaya en Houston\" \/>\n<meta property=\"article:modified_time\" content=\"2024-04-05T15:34:08+00:00\" \/>\n<meta property=\"og:image\" content=\"https:\/\/asociacionuruguayaenhouston.org\/wp-content\/uploads\/2023\/10\/LOGO-AUH-copy.png\" \/>\n\t<meta property=\"og:image:width\" content=\"1080\" \/>\n\t<meta property=\"og:image:height\" content=\"1080\" \/>\n\t<meta property=\"og:image:type\" content=\"image\/png\" \/>\n<meta name=\"twitter:card\" content=\"summary_large_image\" \/>\n<meta name=\"twitter:label1\" content=\"Est. reading time\" \/>\n\t<meta name=\"twitter:data1\" content=\"2 minutes\" \/>\n<script type=\"application\/ld+json\" class=\"yoast-schema-graph\">{\"@context\":\"https:\/\/schema.org\",\"@graph\":[{\"@type\":\"WebPage\",\"@id\":\"https:\/\/asociacionuruguayaenhouston.org\/product\/suscripcion-anual-a-auh\/\",\"url\":\"https:\/\/asociacionuruguayaenhouston.org\/product\/suscripcion-anual-a-auh\/\",\"name\":\"Suscripci\u00f3n Anual a AUH - Asociaci\u00f3n Uruguaya en Houston\",\"isPartOf\":{\"@id\":\"https:\/\/asociacionuruguayaenhouston.org\/#website\"},\"primaryImageOfPage\":{\"@id\":\"https:\/\/asociacionuruguayaenhouston.org\/product\/suscripcion-anual-a-auh\/#primaryimage\"},\"image\":{\"@id\":\"https:\/\/asociacionuruguayaenhouston.org\/product\/suscripcion-anual-a-auh\/#primaryimage\"},\"thumbnailUrl\":\"https:\/\/asociacionuruguayaenhouston.org\/wp-content\/uploads\/2023\/10\/LOGO-AUH-copy.png\",\"datePublished\":\"2023-11-27T20:20:44+00:00\",\"dateModified\":\"2024-04-05T15:34:08+00:00\",\"description\":\"Tu decisi\u00f3n de convertirte en un Colaborador por medio de una Suscripci\u00f3n Anual a AUH significa un mundo para nosotros. Con tu apoyo continuo, estamos...\",\"breadcrumb\":{\"@id\":\"https:\/\/asociacionuruguayaenhouston.org\/product\/suscripcion-anual-a-auh\/#breadcrumb\"},\"inLanguage\":\"en-US\",\"potentialAction\":[{\"@type\":\"ReadAction\",\"target\":[\"https:\/\/asociacionuruguayaenhouston.org\/product\/suscripcion-anual-a-auh\/\"]}]},{\"@type\":\"ImageObject\",\"inLanguage\":\"en-US\",\"@id\":\"https:\/\/asociacionuruguayaenhouston.org\/product\/suscripcion-anual-a-auh\/#primaryimage\",\"url\":\"https:\/\/asociacionuruguayaenhouston.org\/wp-content\/uploads\/2023\/10\/LOGO-AUH-copy.png\",\"contentUrl\":\"https:\/\/asociacionuruguayaenhouston.org\/wp-content\/uploads\/2023\/10\/LOGO-AUH-copy.png\",\"width\":1080,\"height\":1080,\"caption\":\"Logo Asociacion Uruguaya en Houston\"},{\"@type\":\"BreadcrumbList\",\"@id\":\"https:\/\/asociacionuruguayaenhouston.org\/product\/suscripcion-anual-a-auh\/#breadcrumb\",\"itemListElement\":[{\"@type\":\"ListItem\",\"position\":1,\"name\":\"Home\",\"item\":\"https:\/\/asociacionuruguayaenhouston.org\/\"},{\"@type\":\"ListItem\",\"position\":2,\"name\":\"Shop\",\"item\":\"https:\/\/asociacionuruguayaenhouston.org\/shop\/\"},{\"@type\":\"ListItem\",\"position\":3,\"name\":\"Suscripci\u00f3n Anual a AUH\"}]},{\"@type\":\"WebSite\",\"@id\":\"https:\/\/asociacionuruguayaenhouston.org\/#website\",\"url\":\"https:\/\/asociacionuruguayaenhouston.org\/\",\"name\":\"Asociaci\u00f3n Uruguaya en Houston\",\"description\":\"Uruguayos en Houston ayudando a sus compatriotas\",\"publisher\":{\"@id\":\"https:\/\/asociacionuruguayaenhouston.org\/#organization\"},\"potentialAction\":[{\"@type\":\"SearchAction\",\"target\":{\"@type\":\"EntryPoint\",\"urlTemplate\":\"https:\/\/asociacionuruguayaenhouston.org\/?s={search_term_string}\"},\"query-input\":{\"@type\":\"PropertyValueSpecification\",\"valueRequired\":true,\"valueName\":\"search_term_string\"}}],\"inLanguage\":\"en-US\"},{\"@type\":\"Organization\",\"@id\":\"https:\/\/asociacionuruguayaenhouston.org\/#organization\",\"name\":\"Asociaci\u00f3n Uruguaya en Houston\",\"url\":\"https:\/\/asociacionuruguayaenhouston.org\/\",\"logo\":{\"@type\":\"ImageObject\",\"inLanguage\":\"en-US\",\"@id\":\"https:\/\/asociacionuruguayaenhouston.org\/#\/schema\/logo\/image\/\",\"url\":\"https:\/\/asociacionuruguayaenhouston.org\/wp-content\/uploads\/2023\/10\/LOGO-AUH-copy.png\",\"contentUrl\":\"https:\/\/asociacionuruguayaenhouston.org\/wp-content\/uploads\/2023\/10\/LOGO-AUH-copy.png\",\"width\":1080,\"height\":1080,\"caption\":\"Asociaci\u00f3n Uruguaya en Houston\"},\"image\":{\"@id\":\"https:\/\/asociacionuruguayaenhouston.org\/#\/schema\/logo\/image\/\"}}]}<\/script>\n<!-- \/ Yoast SEO plugin. -->","yoast_head_json":{"title":"Suscripci\u00f3n Anual a AUH - Asociaci\u00f3n Uruguaya en Houston","description":"Tu decisi\u00f3n de convertirte en un Colaborador por medio de una Suscripci\u00f3n Anual a AUH significa un mundo para nosotros. Con tu apoyo continuo, estamos...","robots":{"index":"index","follow":"follow","max-snippet":"max-snippet:-1","max-image-preview":"max-image-preview:large","max-video-preview":"max-video-preview:-1"},"canonical":"https:\/\/asociacionuruguayaenhouston.org\/en\/product\/suscripcion-anual-a-auh\/","og_locale":"en_US","og_type":"article","og_title":"Suscripci\u00f3n Anual a AUH - Asociaci\u00f3n Uruguaya en Houston","og_description":"Tu decisi\u00f3n de convertirte en un Colaborador por medio de una Suscripci\u00f3n Anual a AUH significa un mundo para nosotros. Con tu apoyo continuo, estamos...","og_url":"https:\/\/asociacionuruguayaenhouston.org\/en\/product\/suscripcion-anual-a-auh\/","og_site_name":"Asociaci\u00f3n Uruguaya en Houston","article_modified_time":"2024-04-05T15:34:08+00:00","og_image":[{"width":1080,"height":1080,"url":"https:\/\/asociacionuruguayaenhouston.org\/wp-content\/uploads\/2023\/10\/LOGO-AUH-copy.png","type":"image\/png"}],"twitter_card":"summary_large_image","twitter_misc":{"Est. reading time":"2 minutes"},"schema":{"@context":"https:\/\/schema.org","@graph":[{"@type":"WebPage","@id":"https:\/\/asociacionuruguayaenhouston.org\/product\/suscripcion-anual-a-auh\/","url":"https:\/\/asociacionuruguayaenhouston.org\/product\/suscripcion-anual-a-auh\/","name":"Suscripci\u00f3n Anual a AUH - Asociaci\u00f3n Uruguaya en Houston","isPartOf":{"@id":"https:\/\/asociacionuruguayaenhouston.org\/#website"},"primaryImageOfPage":{"@id":"https:\/\/asociacionuruguayaenhouston.org\/product\/suscripcion-anual-a-auh\/#primaryimage"},"image":{"@id":"https:\/\/asociacionuruguayaenhouston.org\/product\/suscripcion-anual-a-auh\/#primaryimage"},"thumbnailUrl":"https:\/\/asociacionuruguayaenhouston.org\/wp-content\/uploads\/2023\/10\/LOGO-AUH-copy.png","datePublished":"2023-11-27T20:20:44+00:00","dateModified":"2024-04-05T15:34:08+00:00","description":"Tu decisi\u00f3n de convertirte en un Colaborador por medio de una Suscripci\u00f3n Anual a AUH significa un mundo para nosotros. Con tu apoyo continuo, estamos...","breadcrumb":{"@id":"https:\/\/asociacionuruguayaenhouston.org\/product\/suscripcion-anual-a-auh\/#breadcrumb"},"inLanguage":"en-US","potentialAction":[{"@type":"ReadAction","target":["https:\/\/asociacionuruguayaenhouston.org\/product\/suscripcion-anual-a-auh\/"]}]},{"@type":"ImageObject","inLanguage":"en-US","@id":"https:\/\/asociacionuruguayaenhouston.org\/product\/suscripcion-anual-a-auh\/#primaryimage","url":"https:\/\/asociacionuruguayaenhouston.org\/wp-content\/uploads\/2023\/10\/LOGO-AUH-copy.png","contentUrl":"https:\/\/asociacionuruguayaenhouston.org\/wp-content\/uploads\/2023\/10\/LOGO-AUH-copy.png","width":1080,"height":1080,"caption":"Logo Asociacion Uruguaya en Houston"},{"@type":"BreadcrumbList","@id":"https:\/\/asociacionuruguayaenhouston.org\/product\/suscripcion-anual-a-auh\/#breadcrumb","itemListElement":[{"@type":"ListItem","position":1,"name":"Home","item":"https:\/\/asociacionuruguayaenhouston.org\/"},{"@type":"ListItem","position":2,"name":"Shop","item":"https:\/\/asociacionuruguayaenhouston.org\/shop\/"},{"@type":"ListItem","position":3,"name":"Suscripci\u00f3n Anual a AUH"}]},{"@type":"WebSite","@id":"https:\/\/asociacionuruguayaenhouston.org\/#website","url":"https:\/\/asociacionuruguayaenhouston.org\/","name":"Asociaci\u00f3n Uruguaya en Houston","description":"Uruguayos en Houston ayudando a sus compatriotas","publisher":{"@id":"https:\/\/asociacionuruguayaenhouston.org\/#organization"},"potentialAction":[{"@type":"SearchAction","target":{"@type":"EntryPoint","urlTemplate":"https:\/\/asociacionuruguayaenhouston.org\/?s={search_term_string}"},"query-input":{"@type":"PropertyValueSpecification","valueRequired":true,"valueName":"search_term_string"}}],"inLanguage":"en-US"},{"@type":"Organization","@id":"https:\/\/asociacionuruguayaenhouston.org\/#organization","name":"Asociaci\u00f3n Uruguaya en Houston","url":"https:\/\/asociacionuruguayaenhouston.org\/","logo":{"@type":"ImageObject","inLanguage":"en-US","@id":"https:\/\/asociacionuruguayaenhouston.org\/#\/schema\/logo\/image\/","url":"https:\/\/asociacionuruguayaenhouston.org\/wp-content\/uploads\/2023\/10\/LOGO-AUH-copy.png","contentUrl":"https:\/\/asociacionuruguayaenhouston.org\/wp-content\/uploads\/2023\/10\/LOGO-AUH-copy.png","width":1080,"height":1080,"caption":"Asociaci\u00f3n Uruguaya en Houston"},"image":{"@id":"https:\/\/asociacionuruguayaenhouston.org\/#\/schema\/logo\/image\/"}}]}},"_links":{"self":[{"href":"https:\/\/asociacionuruguayaenhouston.org\/en\/wp-json\/wp\/v2\/product\/153","targetHints":{"allow":["GET"]}}],"collection":[{"href":"https:\/\/asociacionuruguayaenhouston.org\/en\/wp-json\/wp\/v2\/product"}],"about":[{"href":"https:\/\/asociacionuruguayaenhouston.org\/en\/wp-json\/wp\/v2\/types\/product"}],"wp:featuredmedia":[{"embeddable":true,"href":"https:\/\/asociacionuruguayaenhouston.org\/en\/wp-json\/wp\/v2\/media\/44"}],"wp:attachment":[{"href":"https:\/\/asociacionuruguayaenhouston.org\/en\/wp-json\/wp\/v2\/media?parent=153"}],"wp:term":[{"taxonomy":"product_brand","embeddable":true,"href":"https:\/\/asociacionuruguayaenhouston.org\/en\/wp-json\/wp\/v2\/product_brand?post=153"},{"taxonomy":"product_cat","embeddable":true,"href":"https:\/\/asociacionuruguayaenhouston.org\/en\/wp-json\/wp\/v2\/product_cat?post=153"},{"taxonomy":"product_tag","embeddable":true,"href":"https:\/\/asociacionuruguayaenhouston.org\/en\/wp-json\/wp\/v2\/product_tag?post=153"}],"curies":[{"name":"wp","href":"https:\/\/api.w.org\/{rel}","templated":true}]}}