{"id":624,"date":"2024-08-08T16:28:59","date_gmt":"2024-08-08T21:28:59","guid":{"rendered":"https:\/\/asociacionuruguayaenhouston.org\/?post_type=product&#038;p=624"},"modified":"2024-08-12T12:12:08","modified_gmt":"2024-08-12T17:12:08","slug":"noche-de-la-nostalgia","status":"publish","type":"product","link":"https:\/\/asociacionuruguayaenhouston.org\/en\/product\/noche-de-la-nostalgia\/","title":{"rendered":"Noche de la Nostalgia"},"content":{"rendered":"<h1>Noche de la Nostalgia<\/h1>\n<p>Este s\u00e1bado 24 de agosto, desde las 7:00 pm, la Asociaci\u00f3n de Uruguaya en Houston (AUH) te invita a sumarte a una velada inolvidable.<\/p>\n<p>Unite a nosotros para celebrar nuestro d\u00e9cimo aniversario con la mejor m\u00fasica a cargo de Pablo Zicari y Lalo Ex cantantes de Monterrojo con todos sus \u00e9xitos \ud83c\udfb6.<\/p>\n<p><em><strong>\u00a1No pod\u00e9s perd\u00e9rtelo!<\/strong> <\/em><\/p>\n<p>Ven\u00ed y celebr\u00e1 con nosotros una d\u00e9cada de contribuci\u00f3n a la comunidad uruguaya en Houston. \u00a1Te esperamos!<\/p>","protected":false},"excerpt":{"rendered":"<p>Noche de la Nostalgia<\/p>","protected":false},"featured_media":601,"template":"","meta":{"_et_pb_use_builder":"","_et_pb_old_content":"","_et_gb_content_width":"","_joinchat":[]},"product_brand":[],"product_cat":[52],"product_tag":[],"class_list":{"0":"post-624","1":"product","2":"type-product","3":"status-publish","4":"has-post-thumbnail","6":"product_cat-eventos","8":"first","9":"instock","10":"virtual","11":"purchasable","12":"product-type-simple"},"yoast_head":"<!-- This site is optimized with the Yoast SEO plugin v25.3 - https:\/\/yoast.com\/wordpress\/plugins\/seo\/ -->\n<title>Noche de la Nostalgia - Asociaci\u00f3n Uruguaya en Houston<\/title>\n<meta name=\"robots\" content=\"index, follow, max-snippet:-1, max-image-preview:large, max-video-preview:-1\" \/>\n<link rel=\"canonical\" href=\"https:\/\/asociacionuruguayaenhouston.org\/en\/product\/noche-de-la-nostalgia\/\" \/>\n<meta property=\"og:locale\" content=\"en_US\" \/>\n<meta property=\"og:type\" content=\"article\" \/>\n<meta property=\"og:title\" content=\"Noche de la Nostalgia - Asociaci\u00f3n Uruguaya en Houston\" \/>\n<meta property=\"og:description\" content=\"Noche de la Nostalgia\" \/>\n<meta property=\"og:url\" content=\"https:\/\/asociacionuruguayaenhouston.org\/en\/product\/noche-de-la-nostalgia\/\" \/>\n<meta property=\"og:site_name\" content=\"Asociaci\u00f3n Uruguaya en Houston\" \/>\n<meta property=\"article:modified_time\" content=\"2024-08-12T17:12:08+00:00\" \/>\n<meta property=\"og:image\" content=\"https:\/\/asociacionuruguayaenhouston.org\/wp-content\/uploads\/2024\/01\/Noche-de-la-Nostalgia.jpeg\" \/>\n\t<meta property=\"og:image:width\" content=\"1574\" \/>\n\t<meta property=\"og:image:height\" content=\"1592\" \/>\n\t<meta property=\"og:image:type\" content=\"image\/jpeg\" \/>\n<meta name=\"twitter:card\" content=\"summary_large_image\" \/>\n<meta name=\"twitter:label1\" content=\"Est. reading time\" \/>\n\t<meta name=\"twitter:data1\" content=\"1 minute\" \/>\n<script type=\"application\/ld+json\" class=\"yoast-schema-graph\">{\"@context\":\"https:\/\/schema.org\",\"@graph\":[{\"@type\":\"WebPage\",\"@id\":\"https:\/\/asociacionuruguayaenhouston.org\/product\/noche-de-la-nostalgia\/\",\"url\":\"https:\/\/asociacionuruguayaenhouston.org\/product\/noche-de-la-nostalgia\/\",\"name\":\"Noche de la Nostalgia - Asociaci\u00f3n Uruguaya en Houston\",\"isPartOf\":{\"@id\":\"https:\/\/asociacionuruguayaenhouston.org\/#website\"},\"primaryImageOfPage\":{\"@id\":\"https:\/\/asociacionuruguayaenhouston.org\/product\/noche-de-la-nostalgia\/#primaryimage\"},\"image\":{\"@id\":\"https:\/\/asociacionuruguayaenhouston.org\/product\/noche-de-la-nostalgia\/#primaryimage\"},\"thumbnailUrl\":\"https:\/\/asociacionuruguayaenhouston.org\/wp-content\/uploads\/2024\/01\/Noche-de-la-Nostalgia.jpeg\",\"datePublished\":\"2024-08-08T21:28:59+00:00\",\"dateModified\":\"2024-08-12T17:12:08+00:00\",\"breadcrumb\":{\"@id\":\"https:\/\/asociacionuruguayaenhouston.org\/product\/noche-de-la-nostalgia\/#breadcrumb\"},\"inLanguage\":\"en-US\",\"potentialAction\":[{\"@type\":\"ReadAction\",\"target\":[\"https:\/\/asociacionuruguayaenhouston.org\/product\/noche-de-la-nostalgia\/\"]}]},{\"@type\":\"ImageObject\",\"inLanguage\":\"en-US\",\"@id\":\"https:\/\/asociacionuruguayaenhouston.org\/product\/noche-de-la-nostalgia\/#primaryimage\",\"url\":\"https:\/\/asociacionuruguayaenhouston.org\/wp-content\/uploads\/2024\/01\/Noche-de-la-Nostalgia.jpeg\",\"contentUrl\":\"https:\/\/asociacionuruguayaenhouston.org\/wp-content\/uploads\/2024\/01\/Noche-de-la-Nostalgia.jpeg\",\"width\":1574,\"height\":1592},{\"@type\":\"BreadcrumbList\",\"@id\":\"https:\/\/asociacionuruguayaenhouston.org\/product\/noche-de-la-nostalgia\/#breadcrumb\",\"itemListElement\":[{\"@type\":\"ListItem\",\"position\":1,\"name\":\"Home\",\"item\":\"https:\/\/asociacionuruguayaenhouston.org\/\"},{\"@type\":\"ListItem\",\"position\":2,\"name\":\"Shop\",\"item\":\"https:\/\/asociacionuruguayaenhouston.org\/shop\/\"},{\"@type\":\"ListItem\",\"position\":3,\"name\":\"Noche de la Nostalgia\"}]},{\"@type\":\"WebSite\",\"@id\":\"https:\/\/asociacionuruguayaenhouston.org\/#website\",\"url\":\"https:\/\/asociacionuruguayaenhouston.org\/\",\"name\":\"Asociaci\u00f3n Uruguaya en Houston\",\"description\":\"Uruguayos en Houston ayudando a sus compatriotas\",\"publisher\":{\"@id\":\"https:\/\/asociacionuruguayaenhouston.org\/#organization\"},\"potentialAction\":[{\"@type\":\"SearchAction\",\"target\":{\"@type\":\"EntryPoint\",\"urlTemplate\":\"https:\/\/asociacionuruguayaenhouston.org\/?s={search_term_string}\"},\"query-input\":{\"@type\":\"PropertyValueSpecification\",\"valueRequired\":true,\"valueName\":\"search_term_string\"}}],\"inLanguage\":\"en-US\"},{\"@type\":\"Organization\",\"@id\":\"https:\/\/asociacionuruguayaenhouston.org\/#organization\",\"name\":\"Asociaci\u00f3n Uruguaya en Houston\",\"url\":\"https:\/\/asociacionuruguayaenhouston.org\/\",\"logo\":{\"@type\":\"ImageObject\",\"inLanguage\":\"en-US\",\"@id\":\"https:\/\/asociacionuruguayaenhouston.org\/#\/schema\/logo\/image\/\",\"url\":\"https:\/\/asociacionuruguayaenhouston.org\/wp-content\/uploads\/2023\/10\/LOGO-AUH-copy.png\",\"contentUrl\":\"https:\/\/asociacionuruguayaenhouston.org\/wp-content\/uploads\/2023\/10\/LOGO-AUH-copy.png\",\"width\":1080,\"height\":1080,\"caption\":\"Asociaci\u00f3n Uruguaya en Houston\"},\"image\":{\"@id\":\"https:\/\/asociacionuruguayaenhouston.org\/#\/schema\/logo\/image\/\"}}]}<\/script>\n<!-- \/ Yoast SEO plugin. -->","yoast_head_json":{"title":"Noche de la Nostalgia - Asociaci\u00f3n Uruguaya en Houston","robots":{"index":"index","follow":"follow","max-snippet":"max-snippet:-1","max-image-preview":"max-image-preview:large","max-video-preview":"max-video-preview:-1"},"canonical":"https:\/\/asociacionuruguayaenhouston.org\/en\/product\/noche-de-la-nostalgia\/","og_locale":"en_US","og_type":"article","og_title":"Noche de la Nostalgia - Asociaci\u00f3n Uruguaya en Houston","og_description":"Noche de la Nostalgia","og_url":"https:\/\/asociacionuruguayaenhouston.org\/en\/product\/noche-de-la-nostalgia\/","og_site_name":"Asociaci\u00f3n Uruguaya en Houston","article_modified_time":"2024-08-12T17:12:08+00:00","og_image":[{"width":1574,"height":1592,"url":"https:\/\/asociacionuruguayaenhouston.org\/wp-content\/uploads\/2024\/01\/Noche-de-la-Nostalgia.jpeg","type":"image\/jpeg"}],"twitter_card":"summary_large_image","twitter_misc":{"Est. reading time":"1 minute"},"schema":{"@context":"https:\/\/schema.org","@graph":[{"@type":"WebPage","@id":"https:\/\/asociacionuruguayaenhouston.org\/product\/noche-de-la-nostalgia\/","url":"https:\/\/asociacionuruguayaenhouston.org\/product\/noche-de-la-nostalgia\/","name":"Noche de la Nostalgia - Asociaci\u00f3n Uruguaya en Houston","isPartOf":{"@id":"https:\/\/asociacionuruguayaenhouston.org\/#website"},"primaryImageOfPage":{"@id":"https:\/\/asociacionuruguayaenhouston.org\/product\/noche-de-la-nostalgia\/#primaryimage"},"image":{"@id":"https:\/\/asociacionuruguayaenhouston.org\/product\/noche-de-la-nostalgia\/#primaryimage"},"thumbnailUrl":"https:\/\/asociacionuruguayaenhouston.org\/wp-content\/uploads\/2024\/01\/Noche-de-la-Nostalgia.jpeg","datePublished":"2024-08-08T21:28:59+00:00","dateModified":"2024-08-12T17:12:08+00:00","breadcrumb":{"@id":"https:\/\/asociacionuruguayaenhouston.org\/product\/noche-de-la-nostalgia\/#breadcrumb"},"inLanguage":"en-US","potentialAction":[{"@type":"ReadAction","target":["https:\/\/asociacionuruguayaenhouston.org\/product\/noche-de-la-nostalgia\/"]}]},{"@type":"ImageObject","inLanguage":"en-US","@id":"https:\/\/asociacionuruguayaenhouston.org\/product\/noche-de-la-nostalgia\/#primaryimage","url":"https:\/\/asociacionuruguayaenhouston.org\/wp-content\/uploads\/2024\/01\/Noche-de-la-Nostalgia.jpeg","contentUrl":"https:\/\/asociacionuruguayaenhouston.org\/wp-content\/uploads\/2024\/01\/Noche-de-la-Nostalgia.jpeg","width":1574,"height":1592},{"@type":"BreadcrumbList","@id":"https:\/\/asociacionuruguayaenhouston.org\/product\/noche-de-la-nostalgia\/#breadcrumb","itemListElement":[{"@type":"ListItem","position":1,"name":"Home","item":"https:\/\/asociacionuruguayaenhouston.org\/"},{"@type":"ListItem","position":2,"name":"Shop","item":"https:\/\/asociacionuruguayaenhouston.org\/shop\/"},{"@type":"ListItem","position":3,"name":"Noche de la Nostalgia"}]},{"@type":"WebSite","@id":"https:\/\/asociacionuruguayaenhouston.org\/#website","url":"https:\/\/asociacionuruguayaenhouston.org\/","name":"Asociaci\u00f3n Uruguaya en Houston","description":"Uruguayos en Houston ayudando a sus compatriotas","publisher":{"@id":"https:\/\/asociacionuruguayaenhouston.org\/#organization"},"potentialAction":[{"@type":"SearchAction","target":{"@type":"EntryPoint","urlTemplate":"https:\/\/asociacionuruguayaenhouston.org\/?s={search_term_string}"},"query-input":{"@type":"PropertyValueSpecification","valueRequired":true,"valueName":"search_term_string"}}],"inLanguage":"en-US"},{"@type":"Organization","@id":"https:\/\/asociacionuruguayaenhouston.org\/#organization","name":"Asociaci\u00f3n Uruguaya en Houston","url":"https:\/\/asociacionuruguayaenhouston.org\/","logo":{"@type":"ImageObject","inLanguage":"en-US","@id":"https:\/\/asociacionuruguayaenhouston.org\/#\/schema\/logo\/image\/","url":"https:\/\/asociacionuruguayaenhouston.org\/wp-content\/uploads\/2023\/10\/LOGO-AUH-copy.png","contentUrl":"https:\/\/asociacionuruguayaenhouston.org\/wp-content\/uploads\/2023\/10\/LOGO-AUH-copy.png","width":1080,"height":1080,"caption":"Asociaci\u00f3n Uruguaya en Houston"},"image":{"@id":"https:\/\/asociacionuruguayaenhouston.org\/#\/schema\/logo\/image\/"}}]}},"_links":{"self":[{"href":"https:\/\/asociacionuruguayaenhouston.org\/en\/wp-json\/wp\/v2\/product\/624","targetHints":{"allow":["GET"]}}],"collection":[{"href":"https:\/\/asociacionuruguayaenhouston.org\/en\/wp-json\/wp\/v2\/product"}],"about":[{"href":"https:\/\/asociacionuruguayaenhouston.org\/en\/wp-json\/wp\/v2\/types\/product"}],"wp:featuredmedia":[{"embeddable":true,"href":"https:\/\/asociacionuruguayaenhouston.org\/en\/wp-json\/wp\/v2\/media\/601"}],"wp:attachment":[{"href":"https:\/\/asociacionuruguayaenhouston.org\/en\/wp-json\/wp\/v2\/media?parent=624"}],"wp:term":[{"taxonomy":"product_brand","embeddable":true,"href":"https:\/\/asociacionuruguayaenhouston.org\/en\/wp-json\/wp\/v2\/product_brand?post=624"},{"taxonomy":"product_cat","embeddable":true,"href":"https:\/\/asociacionuruguayaenhouston.org\/en\/wp-json\/wp\/v2\/product_cat?post=624"},{"taxonomy":"product_tag","embeddable":true,"href":"https:\/\/asociacionuruguayaenhouston.org\/en\/wp-json\/wp\/v2\/product_tag?post=624"}],"curies":[{"name":"wp","href":"https:\/\/api.w.org\/{rel}","templated":true}]}}